{"id":10556,"date":"2025-01-07T09:17:45","date_gmt":"2025-01-07T08:17:45","guid":{"rendered":"https:\/\/achenseelauf2025.cloud12.webhome.at\/?page_id=10556"},"modified":"2026-04-15T14:54:12","modified_gmt":"2026-04-15T12:54:12","slug":"relay-run","status":"publish","type":"page","link":"https:\/\/www.achenseelauf.at\/en\/distances\/relay-run\/","title":{"rendered":"Relay Run 14.5 km + 8.5 km"},"content":{"rendered":"\n<div class=\"wp-block-cover alignfull is-light\" style=\"min-height:60vh;aspect-ratio:unset;\"><img loading=\"lazy\" decoding=\"async\" width=\"1920\" height=\"1080\" class=\"wp-block-cover__image-background wp-image-11451 size-full\" alt=\"Ein Staffell\u00e4ufer ist auf der Achenseelauf Eventstrecke unterwegs.\" src=\"https:\/\/www.achenseelauf.at\/wp-content\/uploads\/2025\/09\/achensee-staffel-teilnehmer-sportograf.jpg\" style=\"object-position:51% 44%\" data-object-fit=\"cover\" data-object-position=\"51% 44%\" srcset=\"https:\/\/www.achenseelauf.at\/wp-content\/uploads\/2025\/09\/achensee-staffel-teilnehmer-sportograf.jpg 1920w, https:\/\/www.achenseelauf.at\/wp-content\/uploads\/2025\/09\/achensee-staffel-teilnehmer-sportograf-300x169.jpg 300w, https:\/\/www.achenseelauf.at\/wp-content\/uploads\/2025\/09\/achensee-staffel-teilnehmer-sportograf-1024x576.jpg 1024w, https:\/\/www.achenseelauf.at\/wp-content\/uploads\/2025\/09\/achensee-staffel-teilnehmer-sportograf-768x432.jpg 768w, https:\/\/www.achenseelauf.at\/wp-content\/uploads\/2025\/09\/achensee-staffel-teilnehmer-sportograf-1536x864.jpg 1536w, https:\/\/www.achenseelauf.at\/wp-content\/uploads\/2025\/09\/achensee-staffel-teilnehmer-sportograf-1600x900.jpg 1600w, https:\/\/www.achenseelauf.at\/wp-content\/uploads\/2025\/09\/achensee-staffel-teilnehmer-sportograf-1067x600.jpg 1067w\" sizes=\"auto, (max-width: 1920px) 100vw, 1920px\" \/><span aria-hidden=\"true\" class=\"wp-block-cover__background has-background-dim-0 has-background-dim\" style=\"background-color:#999f9b\"><\/span><div class=\"wp-block-cover__inner-container has-global-padding is-layout-constrained wp-block-cover-is-layout-constrained\">\n<p class=\"has-text-align-center has-large-font-size\"><\/p>\n<\/div><\/div>\n\n\n\n<h1 class=\"wp-block-heading\"><strong>Relay Run 14.5 km + 8.5 km<\/strong><\/h1>\n\n\n\n<p class=\"has-accent-color has-text-color has-link-color has-semi-large-font-size wp-elements-6dc0d244e35deaaa718f9e64a4a9e428\"><strong>Two Runners, One Goal: Complete the Achensee Run as a Relay Team<\/strong><\/p>\n\n\n\n<p>Running with a partner is simply more fun! Team up for the <a href=\"https:\/\/maps.achensee.com\/v2\/en\/gdi_summer\/2d\/-1\/detail\/12.015019517225078\/47.46960577667787\/11.711040055663261\/19000\/121533188\/\" target=\"_blank\" rel=\"noreferrer noopener\">Achensee Run<\/a> and tackle the course together as a two-person relay. The <strong>first stage<\/strong> is 14.5 kilometres on a flat gravel and asphalt route. The <strong>second stage<\/strong> is shorter at 8.5 kilometres but much more challenging, requiring you to overcome 208 metres of elevation gain on a varied trail. The Relay Run starts on <strong>6 September 2026 at 10.00<\/strong> at the fire station in Pertisau. To get ranked, the first relay runner must arrive at the refreshment station in Achenkirch by 11.45 (cut-off time). The second runner must reach the finish line in Pertisau before 14.00.<\/p>\n\n\n\n<p><br>The<strong> race number<\/strong> will be handed over between runners A and B. A race number wristband is required for this; you can use your own if you have one or purchase one when you register.<\/p>\n\n\n\n<div class=\"wp-block-buttons is-layout-flex wp-block-buttons-is-layout-flex\">\n<div class=\"wp-block-button\"><a class=\"wp-block-button__link wp-element-button\" href=\"https:\/\/achenseelauf.at\/en\/registration\/\">Registration &amp; Included Services<\/a><\/div>\n<\/div>\n\n\n\n<div class=\"wp-block-webx-blocks-responsive-spacer\" style=\"--desktop-height:50px;--tablet-height:50px;--mobile-height:25px\"><\/div>\n\n\n\n<div class=\"wp-block-group alignfull has-gradient-8-gradient-background has-background has-global-padding is-layout-constrained wp-block-group-is-layout-constrained\" style=\"padding-top:var(--wp--preset--spacing--40);padding-bottom:var(--wp--preset--spacing--40)\">\n<div class=\"wp-block-columns is-layout-flex wp-container-core-columns-is-layout-1c7e3f69 wp-block-columns-is-layout-flex\" style=\"margin-top:var(--wp--preset--spacing--30);margin-bottom:var(--wp--preset--spacing--30)\">\n<div class=\"wp-block-column is-layout-flow wp-block-column-is-layout-flow\" style=\"flex-basis:50%\">\n<div class=\"wp-block-cover is-light\"><img loading=\"lazy\" decoding=\"async\" width=\"1024\" height=\"576\" class=\"wp-block-cover__image-background wp-image-9834 size-large\" alt=\"Bei sonnigem Wetter laufen zwei Frauen auf der Eventstrecke entlang des Achensees.\" src=\"https:\/\/achenseelauf.at\/wp-content\/uploads\/2025\/05\/achenseelauf-zwei-frauen-1024x576.jpg\" data-object-fit=\"cover\" srcset=\"https:\/\/www.achenseelauf.at\/wp-content\/uploads\/2025\/05\/achenseelauf-zwei-frauen-1024x576.jpg 1024w, https:\/\/www.achenseelauf.at\/wp-content\/uploads\/2025\/05\/achenseelauf-zwei-frauen-300x169.jpg 300w, https:\/\/www.achenseelauf.at\/wp-content\/uploads\/2025\/05\/achenseelauf-zwei-frauen-768x432.jpg 768w, https:\/\/www.achenseelauf.at\/wp-content\/uploads\/2025\/05\/achenseelauf-zwei-frauen-1536x864.jpg 1536w, https:\/\/www.achenseelauf.at\/wp-content\/uploads\/2025\/05\/achenseelauf-zwei-frauen-1600x900.jpg 1600w, https:\/\/www.achenseelauf.at\/wp-content\/uploads\/2025\/05\/achenseelauf-zwei-frauen-1067x600.jpg 1067w, https:\/\/www.achenseelauf.at\/wp-content\/uploads\/2025\/05\/achenseelauf-zwei-frauen.jpg 1920w\" sizes=\"auto, (max-width: 1024px) 100vw, 1024px\" \/><span aria-hidden=\"true\" class=\"wp-block-cover__background has-background-dim-0 has-background-dim\" style=\"background-color:#92a0a8\"><\/span><div class=\"wp-block-cover__inner-container has-global-padding is-layout-constrained wp-block-cover-is-layout-constrained\">\n<p class=\"has-text-align-center has-large-font-size\"><\/p>\n<\/div><\/div>\n<\/div>\n\n\n\n<div class=\"wp-block-column is-vertically-aligned-center is-layout-flow wp-block-column-is-layout-flow\" style=\"padding-top:var(--wp--preset--spacing--30);padding-right:var(--wp--preset--spacing--30);padding-bottom:var(--wp--preset--spacing--30);padding-left:var(--wp--preset--spacing--30);flex-basis:50%\">\n<div class=\"wp-block-group has-global-padding is-layout-constrained wp-block-group-is-layout-constrained\">\n<h2 class=\"wp-block-heading has-accent-color has-text-color has-link-color wp-elements-1e417ed95fa4ab117b22980dcf688d7d\">Disciplines &amp; ranking<\/h2>\n\n\n\n<ul class=\"wp-block-list\">\n<li>Mixed relay team<\/li>\n\n\n\n<li>F\/M relay team<\/li>\n<\/ul>\n\n\n\n<p>The three fastest relay teams in the mixed, women&#8217;s and men&#8217;s disciplines will be awarded prizes regardless of age group.<\/p>\n\n\n\n<div class=\"wp-block-buttons is-layout-flex wp-block-buttons-is-layout-flex\">\n<div class=\"wp-block-button\"><a class=\"wp-block-button__link wp-element-button\" href=\"https:\/\/achenseelauf.at\/en\/race-rules-conditions\/\">Race Rules &amp; Conditions<\/a><\/div>\n<\/div>\n<\/div>\n<\/div>\n<\/div>\n<\/div>\n\n\n\n<div class=\"wp-block-group alignfull has-gradient-9-gradient-background has-background has-global-padding is-layout-constrained wp-block-group-is-layout-constrained\" style=\"padding-top:var(--wp--preset--spacing--40);padding-bottom:var(--wp--preset--spacing--40)\">\n<div class=\"wp-block-columns text-and-media-column is-layout-flex wp-container-core-columns-is-layout-1c7e3f69 wp-block-columns-is-layout-flex\" style=\"margin-top:var(--wp--preset--spacing--30);margin-bottom:var(--wp--preset--spacing--30)\">\n<div class=\"wp-block-column is-vertically-aligned-center is-layout-flow wp-block-column-is-layout-flow\" style=\"padding-top:var(--wp--preset--spacing--30);padding-right:var(--wp--preset--spacing--30);padding-bottom:var(--wp--preset--spacing--30);padding-left:var(--wp--preset--spacing--30);flex-basis:50%\">\n<div class=\"wp-block-group has-global-padding is-layout-constrained wp-block-group-is-layout-constrained\">\n<h2 class=\"wp-block-heading has-accent-color has-text-color has-link-color wp-elements-944b40f023c7e56798f67b77bfcdc134\">Refreshment Stations<\/h2>\n\n\n\n<ol class=\"wp-block-list\">\n<li><strong>Atoll Achensee (5.1 km):<\/strong> Water, le melo hydration sports drink<\/li>\n\n\n\n<li><strong>Schwarzenau (10.4 km):<\/strong> Water, le melo hydration sports drink, fruit<\/li>\n\n\n\n<li><strong>Achenkirch (14.6 km):<\/strong> Water, le melo hydration sports drink, tea, fruit, energy bars<\/li>\n\n\n\n<li><strong>Gaisalm (18.5 km): <\/strong>Water, le melo hydration sports drink, fruit<\/li>\n\n\n\n<li><strong>Bergwerk (21.3 km):<\/strong> Water, le melo hydration sports drink<\/li>\n\n\n\n<li><strong>Fischergut Pertisau (23 km):<\/strong> Water, le melo hydration sports drink, tea, fruit, sausage\/cheese sandwiches, energy bars, cake <\/li>\n<\/ol>\n\n\n\n<div class=\"wp-block-buttons is-layout-flex wp-block-buttons-is-layout-flex\">\n<div class=\"wp-block-button\"><a class=\"wp-block-button__link has-accent-2-color has-base-background-color has-text-color has-background has-link-color wp-element-button\" href=\"https:\/\/maps.achensee.com\/v2\/en\/gdi_summer\/2d\/-1\/detail\/11.82111983328741\/47.465228821096446\/11.718137777365655\/19000\/121533188\/?_gl=1%2A1snv0iy%2A_gcl_au%2AODg5MDEyMzkuMTc0NzgwODk3NQ..\" target=\"_blank\" rel=\"noreferrer noopener\">Interactive Map<\/a><\/div>\n<\/div>\n<\/div>\n<\/div>\n\n\n\n<div class=\"wp-block-column is-layout-flow wp-block-column-is-layout-flow\" style=\"flex-basis:50%\">\n<div class=\"wp-block-cover\"><img loading=\"lazy\" decoding=\"async\" width=\"1024\" height=\"576\" class=\"wp-block-cover__image-background wp-image-9710 size-large\" alt=\"L\u00e4ufer erhalten Getr\u00e4nke w\u00e4hrend eines Wettkampfs.\" src=\"https:\/\/achenseelauf.at\/wp-content\/uploads\/2025\/05\/achenseelauf-labestation-verpflegung-1024x576.jpg\" data-object-fit=\"cover\" srcset=\"https:\/\/www.achenseelauf.at\/wp-content\/uploads\/2025\/05\/achenseelauf-labestation-verpflegung-1024x576.jpg 1024w, https:\/\/www.achenseelauf.at\/wp-content\/uploads\/2025\/05\/achenseelauf-labestation-verpflegung-300x169.jpg 300w, https:\/\/www.achenseelauf.at\/wp-content\/uploads\/2025\/05\/achenseelauf-labestation-verpflegung-768x432.jpg 768w, https:\/\/www.achenseelauf.at\/wp-content\/uploads\/2025\/05\/achenseelauf-labestation-verpflegung-1536x864.jpg 1536w, https:\/\/www.achenseelauf.at\/wp-content\/uploads\/2025\/05\/achenseelauf-labestation-verpflegung-1600x900.jpg 1600w, https:\/\/www.achenseelauf.at\/wp-content\/uploads\/2025\/05\/achenseelauf-labestation-verpflegung-1067x600.jpg 1067w, https:\/\/www.achenseelauf.at\/wp-content\/uploads\/2025\/05\/achenseelauf-labestation-verpflegung.jpg 1920w\" sizes=\"auto, (max-width: 1024px) 100vw, 1024px\" \/><span aria-hidden=\"true\" class=\"wp-block-cover__background has-background-dim-0 has-background-dim\" style=\"background-color:#787779\"><\/span><div class=\"wp-block-cover__inner-container has-global-padding is-layout-constrained wp-block-cover-is-layout-constrained\">\n<p class=\"has-text-align-center has-large-font-size\"><\/p>\n<\/div><\/div>\n<\/div>\n<\/div>\n<\/div>\n\n\n\n<div class=\"wp-block-group alignfull has-gradient-8-gradient-background has-background has-global-padding is-layout-constrained wp-block-group-is-layout-constrained\" style=\"padding-top:var(--wp--preset--spacing--40);padding-bottom:var(--wp--preset--spacing--40)\">\n<div class=\"wp-block-columns is-layout-flex wp-container-core-columns-is-layout-1c7e3f69 wp-block-columns-is-layout-flex\" style=\"margin-top:var(--wp--preset--spacing--30);margin-bottom:var(--wp--preset--spacing--30)\">\n<div class=\"wp-block-column is-layout-flow wp-block-column-is-layout-flow\" style=\"flex-basis:50%\">\n<div class=\"wp-block-cover is-light\"><img loading=\"lazy\" decoding=\"async\" width=\"1024\" height=\"576\" class=\"wp-block-cover__image-background wp-image-9845 size-large\" alt=\"Die Teilnehmer des Achenseelaufs genie\u00dfen die Veranstaltung in vollen Z\u00fcgen. Sie sind gerade in Achenkirch  auf der Laufstrecke unterwegs.\" src=\"https:\/\/achenseelauf.at\/wp-content\/uploads\/2025\/05\/achenseelauf-teilnehmer-achenkirch-1024x576.jpg\" data-object-fit=\"cover\" srcset=\"https:\/\/www.achenseelauf.at\/wp-content\/uploads\/2025\/05\/achenseelauf-teilnehmer-achenkirch-1024x576.jpg 1024w, https:\/\/www.achenseelauf.at\/wp-content\/uploads\/2025\/05\/achenseelauf-teilnehmer-achenkirch-300x169.jpg 300w, https:\/\/www.achenseelauf.at\/wp-content\/uploads\/2025\/05\/achenseelauf-teilnehmer-achenkirch-768x432.jpg 768w, https:\/\/www.achenseelauf.at\/wp-content\/uploads\/2025\/05\/achenseelauf-teilnehmer-achenkirch-1536x864.jpg 1536w, https:\/\/www.achenseelauf.at\/wp-content\/uploads\/2025\/05\/achenseelauf-teilnehmer-achenkirch-1600x900.jpg 1600w, https:\/\/www.achenseelauf.at\/wp-content\/uploads\/2025\/05\/achenseelauf-teilnehmer-achenkirch-1067x600.jpg 1067w, https:\/\/www.achenseelauf.at\/wp-content\/uploads\/2025\/05\/achenseelauf-teilnehmer-achenkirch.jpg 1920w\" sizes=\"auto, (max-width: 1024px) 100vw, 1024px\" \/><span aria-hidden=\"true\" class=\"wp-block-cover__background has-background-dim-0 has-background-dim\" style=\"background-color:#858779\"><\/span><div class=\"wp-block-cover__inner-container has-global-padding is-layout-constrained wp-block-cover-is-layout-constrained\">\n<p class=\"has-text-align-center has-large-font-size\"><\/p>\n<\/div><\/div>\n<\/div>\n\n\n\n<div class=\"wp-block-column is-vertically-aligned-center is-layout-flow wp-block-column-is-layout-flow\" style=\"padding-top:var(--wp--preset--spacing--30);padding-right:var(--wp--preset--spacing--30);padding-bottom:var(--wp--preset--spacing--30);padding-left:var(--wp--preset--spacing--30);flex-basis:50%\">\n<div class=\"wp-block-group has-global-padding is-layout-constrained wp-block-group-is-layout-constrained\">\n<h2 class=\"wp-block-heading has-accent-color has-text-color has-link-color wp-elements-7dc793143aa95db58952d896f6b6ff3b\">Looking for a Relay Partner?<\/h2>\n\n\n\n<p>Want to compete in the Achensee Run as part of a relay team but haven&#8217;t found a partner for the 23-kilometre course yet? Our <strong>Relay Partner Finder<\/strong> is an easy way to connect with like-minded people and get to the starting line together.<\/p>\n\n\n\n<div class=\"wp-block-buttons is-layout-flex wp-block-buttons-is-layout-flex\">\n<div class=\"wp-block-button\"><a class=\"wp-block-button__link wp-element-button\" href=\"https:\/\/achenseelauf.at\/en\/relay-partner-finder\/\">Relay Partner Finder<\/a><\/div>\n<\/div>\n<\/div>\n<\/div>\n<\/div>\n<\/div>\n\n\n\n<div class=\"wp-block-webx-blocks-responsive-spacer\" style=\"--desktop-height:50px;--tablet-height:50px;--mobile-height:25px\"><\/div>\n\n\n\n<div class=\"wp-block-group has-global-padding is-layout-constrained wp-block-group-is-layout-constrained\">\n<h2 class=\"wp-block-heading has-accent-color has-text-color has-link-color wp-elements-887d3a61e6a273e5f827a17c4a3cb073\">Late Registrations &amp; Race Number Pick-Up 2026<\/h2>\n\n\n\n<p>Race number collection and late registrations will take place at the <a href=\"https:\/\/maps.achensee.com\/v2\/en\/gdi_summer\/2d\/-1\/detail\/13.140711582575046\/47.44749392722494\/11.706179704389115\/-1\/121195396\/false\/-1\/-1\/fischergut\/-1\/-1\/-1\/0\/0\/\" target=\"_blank\" rel=\"noreferrer noopener\">Fischergut in Pertisau<\/a>, conveniently located right in the Achensee Run finish area. <strong>Important note:<\/strong> After 17.00 on Saturday, 5 September 2026, registration will only be possible on site on Sunday.<\/p>\n\n\n\n<ul class=\"wp-block-list\">\n<li><strong>Race number distribution (14.5 km Fitness Run, Relay Run, and 23 km Achensee Run):<\/strong> Saturday, 5 September 2026, from 15.00 to 17.00<\/li>\n\n\n\n<li><strong>Late registrations &amp; race number distribution (14.5 km Fitness Run, Relay Run, and 23 km Achensee Run):<\/strong> Sunday, 6 September 2026, from 07.30 to 09.45<\/li>\n\n\n\n<li><strong>Late registrations &amp; race number distribution (0.4 km to 1.7 km Children&#8217;s Run):<\/strong> Sunday, 6 September 2026, from 11.00 to 14.00<\/li>\n<\/ul>\n\n\n\n<p><strong>Please remember to bring: <\/strong><\/p>\n\n\n\n<ul class=\"wp-block-list\">\n<li>During the event week, each participant will receive an email with their <strong>final race number<\/strong>. You can then use this email to collect your race number in Pertisau.<\/li>\n\n\n\n<li>Your registration confirmation and a <strong>copy of your ID<\/strong> to receive your race number. A digital copy is perfectly fine. There&#8217;s no limit on the number of participants.<\/li>\n<\/ul>\n<\/div>\n\n\n\n<div class=\"wp-block-webx-blocks-responsive-spacer\" style=\"--desktop-height:50px;--tablet-height:50px;--mobile-height:25px\"><\/div>\n\n\n\n<div class=\"wp-block-cover is-light\"><img loading=\"lazy\" decoding=\"async\" width=\"1024\" height=\"576\" class=\"wp-block-cover__image-background wp-image-9869 size-large\" alt=\"Schiff auf gr\u00fcnem See mit Bergen im Hintergrund\" src=\"https:\/\/achenseelauf.at\/wp-content\/uploads\/2025\/05\/achenseeschifffahrt-gaisalm-1024x576.jpg\" style=\"object-position:21% 58%\" data-object-fit=\"cover\" data-object-position=\"21% 58%\" srcset=\"https:\/\/www.achenseelauf.at\/wp-content\/uploads\/2025\/05\/achenseeschifffahrt-gaisalm-1024x576.jpg 1024w, https:\/\/www.achenseelauf.at\/wp-content\/uploads\/2025\/05\/achenseeschifffahrt-gaisalm-300x169.jpg 300w, https:\/\/www.achenseelauf.at\/wp-content\/uploads\/2025\/05\/achenseeschifffahrt-gaisalm-768x432.jpg 768w, https:\/\/www.achenseelauf.at\/wp-content\/uploads\/2025\/05\/achenseeschifffahrt-gaisalm-1536x864.jpg 1536w, https:\/\/www.achenseelauf.at\/wp-content\/uploads\/2025\/05\/achenseeschifffahrt-gaisalm-1600x900.jpg 1600w, https:\/\/www.achenseelauf.at\/wp-content\/uploads\/2025\/05\/achenseeschifffahrt-gaisalm-1067x600.jpg 1067w, https:\/\/www.achenseelauf.at\/wp-content\/uploads\/2025\/05\/achenseeschifffahrt-gaisalm.jpg 1920w\" sizes=\"auto, (max-width: 1024px) 100vw, 1024px\" \/><span aria-hidden=\"true\" class=\"wp-block-cover__background has-background-dim-10 has-background-dim\"><\/span><div class=\"wp-block-cover__inner-container has-global-padding is-layout-constrained wp-block-cover-is-layout-constrained\">\n<p class=\"has-text-align-center has-base-color has-text-color has-link-color has-clamp-medium-font-size wp-elements-60096aa78f2ac827de32a33463933424\"><strong>TRANSFER<\/strong><\/p>\n\n\n\n<p class=\"has-text-align-center has-base-color has-text-color has-link-color wp-elements-bf318ff532af6dd27c23630dac7589c2\">As a Relay Run participant, you will receive a free ticket to use one of the Achenseeschifffahrt ships for the journey between the start and finish areas. This ticket is valid until 14.00 on race day and will be issued when you collect your race number.<\/p>\n\n\n\n<div class=\"wp-block-buttons is-content-justification-center is-layout-flex wp-container-core-buttons-is-layout-a89b3969 wp-block-buttons-is-layout-flex\">\n<div class=\"wp-block-button\"><a class=\"wp-block-button__link wp-element-button\" href=\"https:\/\/achenseeschifffahrt.at\/en\/\" target=\"_blank\" rel=\"noreferrer noopener\">Achenseeschifffahrt Timetable<\/a><\/div>\n<\/div>\n<\/div><\/div>\n\n\n\n<div class=\"wp-block-group has-global-padding is-layout-constrained wp-block-group-is-layout-constrained\">\n<div class=\"wp-block-columns is-layout-flex wp-container-core-columns-is-layout-28f84493 wp-block-columns-is-layout-flex\">\n<div class=\"wp-block-column is-layout-flow wp-block-column-is-layout-flow\">\n<div class=\"wp-block-group has-global-padding is-layout-constrained wp-block-group-is-layout-constrained\">\n<h3 class=\"wp-block-heading has-text-align-center has-accent-2-color has-text-color has-link-color wp-elements-3042b21a34a237540529e0ba3d42992d\">Parking<\/h3>\n\n\n\n<p class=\"has-light-2-background-color has-background\">You will find free parking for participants conveniently located near the finish area. Just follow the signs to the designated parking areas. The Pertisau fire brigade will also be there to help direct you, so please follow their guidance and any event signage. <a href=\"https:\/\/maps.achensee.com\/v2\/en\/gdi_summer\/2d\/-1\/category\/13.919745821101898\/47.43972334468495\/11.704334545220604\/18434\/-1\/false\/-1\/-1\/-1\/eyIxODQzNCI6eyJzdWJDYXQiOnsiaW5kZXhWYWx1ZSI6MTg0NDN9fX0=\/-1\/-1\/0\/0\/\" target=\"_blank\" rel=\"noreferrer noopener\">Paid parking areas<\/a> are clearly marked.<\/p>\n<\/div>\n<\/div>\n\n\n\n<div class=\"wp-block-column is-layout-flow wp-block-column-is-layout-flow\">\n<h3 class=\"wp-block-heading has-text-align-center\">Luggage Transfer<\/h3>\n\n\n\n<p class=\"has-light-2-background-color has-background\">A <strong>free luggage<\/strong> transfer service will be available on Sunday. Participants can drop off personal items such as clothing or trainers in a <strong>small, securely closed bag or rucksack (max. 20 litres)<\/strong> at the start point (Pertisau fire station). Bags can then be collected in the finish area in Pertisau.<\/p>\n<\/div>\n<\/div>\n\n\n\n<div class=\"wp-block-columns is-layout-flex wp-container-core-columns-is-layout-28f84493 wp-block-columns-is-layout-flex\">\n<div class=\"wp-block-column is-layout-flow wp-block-column-is-layout-flow\">\n<div class=\"wp-block-group has-global-padding is-layout-constrained wp-block-group-is-layout-constrained\">\n<h3 class=\"wp-block-heading has-text-align-center has-accent-2-color has-text-color has-link-color wp-elements-924fa519c431d872f0187e676f55ddc2\">Disqualification<\/h3>\n\n\n\n<p class=\"has-light-2-background-color has-background\">To ensure a fair and safe race, unsportsmanlike conduct (taking shortcuts, disregarding official instructions, or leaving the marked routes) will lead to immediate disqualification. <strong>Cut-off time:<\/strong> if you don\u2019t reach the Achenkirch refreshment station by <strong>11.45<\/strong>, you won\u2019t be officially classified or receive race services, and continuing is at your own risk. The finish line in Pertisau closes at 14.00. The use of <strong>poles and headphones<\/strong> (including bone conduction headphones) is strictly prohibited during the race. Once you have reached the trail section (Gaisalmsteig) in the second stage in Achenkirch, <strong>overtaking is strictly forbidden<\/strong>.<\/p>\n<\/div>\n<\/div>\n\n\n\n<div class=\"wp-block-column is-layout-flow wp-block-column-is-layout-flow\">\n<h3 class=\"wp-block-heading has-text-align-center\">Final Provisions<\/h3>\n\n\n\n<p class=\"has-light-2-background-color has-background\">This race will be conducted in accordance with the currently valid regulations of the <a href=\"https:\/\/www.oelv.at\/de\" target=\"_blank\" rel=\"noreferrer noopener\">Austrian Athletics Federation<\/a> (\u00d6LV) and has been approved and officially registered by the \u00d6LV. Participants are strictly prohibited from leaving the marked course; doing so will result in immediate disqualification. The event will take place regardless of weather conditions. Please note that minor time delays are reserved.<\/p>\n\n\n\n<h3 class=\"wp-block-heading has-text-align-center\">Race Timing<\/h3>\n\n\n\n<p class=\"has-light-2-background-color has-background\">Race times will be recorded automatically. Each <strong>start number<\/strong> includes a built-in chip from the RACE RESULT timing system for precise tracking.<\/p>\n<\/div>\n<\/div>\n\n\n\n<div class=\"wp-block-columns is-layout-flex wp-container-core-columns-is-layout-28f84493 wp-block-columns-is-layout-flex\">\n<div class=\"wp-block-column is-layout-flow wp-block-column-is-layout-flow\">\n<h3 class=\"wp-block-heading has-text-align-center\">Award Ceremony<\/h3>\n\n\n\n<p class=\"has-light-2-background-color has-background\">The finish line in Pertisau am Achensee will close at 14.00. The <strong>award ceremony<\/strong> will take place on race day at approximately 15.00 in the finish area.<\/p>\n<\/div>\n\n\n\n<div class=\"wp-block-column is-layout-flow wp-block-column-is-layout-flow\">\n<h3 class=\"wp-block-heading has-text-align-center has-accent-2-color has-text-color has-link-color wp-elements-0b2c114d02fc1bf90a19402769fe13de\">Accommodations<\/h3>\n\n\n\n<p class=\"has-light-2-background-color has-background\">Tourismusverband Achensee<br>Achenseestra\u00dfe 63<br>6212 Maurach am Achensee<br><a href=\"tel:435953000\">+43 5 95300-0<\/a><br><a href=\"mailto:info@achensee.com\">info@achensee.com<\/a><br>Book online at <a href=\"https:\/\/www.achensee.com\/en\/find-accommodation\/\" target=\"_blank\" rel=\"noreferrer noopener\">www.achensee.com<\/a><br><br>View <a href=\"https:\/\/www.achensee.com\/en\/shop\/top-offers\/detail\/package\/achensee-run-package\/\" target=\"_blank\" rel=\"noreferrer noopener\">Achensee Run Package<\/a><\/p>\n<\/div>\n<\/div>\n<\/div>\n\n\n\n<p><\/p>\n","protected":false},"excerpt":{"rendered":"<p>Relay Run 14.5 km + 8.5 km Two Runners, One Goal: Complete the Achensee Run as a Relay Team Running with a partner is simply more fun! Team up for the Achensee Run and tackle the course together as a two-person relay. The first stage is 14.5 kilometres on a flat gravel and asphalt route. [&hellip;]<\/p>\n","protected":false},"author":5,"featured_media":11451,"parent":10480,"menu_order":0,"comment_status":"closed","ping_status":"closed","template":"","meta":{"_seopress_robots_primary_cat":"","_seopress_titles_title":"Achensee Relay Run: Tackle 23km with a Partner","_seopress_titles_desc":"Conquer the Achensee Run as a two-person relay! Experience 14.5 km & 8.5 km stages around Tirol's largest lake with stunning views.","_seopress_robots_index":"","footnotes":""},"class_list":["post-10556","page","type-page","status-publish","has-post-thumbnail","hentry"],"_links":{"self":[{"href":"https:\/\/www.achenseelauf.at\/en\/wp-json\/wp\/v2\/pages\/10556","targetHints":{"allow":["GET"]}}],"collection":[{"href":"https:\/\/www.achenseelauf.at\/en\/wp-json\/wp\/v2\/pages"}],"about":[{"href":"https:\/\/www.achenseelauf.at\/en\/wp-json\/wp\/v2\/types\/page"}],"author":[{"embeddable":true,"href":"https:\/\/www.achenseelauf.at\/en\/wp-json\/wp\/v2\/users\/5"}],"replies":[{"embeddable":true,"href":"https:\/\/www.achenseelauf.at\/en\/wp-json\/wp\/v2\/comments?post=10556"}],"version-history":[{"count":21,"href":"https:\/\/www.achenseelauf.at\/en\/wp-json\/wp\/v2\/pages\/10556\/revisions"}],"predecessor-version":[{"id":11820,"href":"https:\/\/www.achenseelauf.at\/en\/wp-json\/wp\/v2\/pages\/10556\/revisions\/11820"}],"up":[{"embeddable":true,"href":"https:\/\/www.achenseelauf.at\/en\/wp-json\/wp\/v2\/pages\/10480"}],"wp:featuredmedia":[{"embeddable":true,"href":"https:\/\/www.achenseelauf.at\/en\/wp-json\/wp\/v2\/media\/11451"}],"wp:attachment":[{"href":"https:\/\/www.achenseelauf.at\/en\/wp-json\/wp\/v2\/media?parent=10556"}],"curies":[{"name":"wp","href":"https:\/\/api.w.org\/{rel}","templated":true}]}}