{"id":10869,"date":"2025-01-07T08:30:14","date_gmt":"2025-01-07T07:30:14","guid":{"rendered":"https:\/\/achenseelauf2025.cloud12.webhome.at\/?page_id=10869"},"modified":"2026-03-13T09:44:52","modified_gmt":"2026-03-13T08:44:52","slug":"privacy-policy","status":"publish","type":"page","link":"https:\/\/www.achenseelauf.at\/en\/privacy-policy\/","title":{"rendered":"Privacy policy"},"content":{"rendered":"\n<div class=\"wp-block-webx-blocks-responsive-spacer\" style=\"--desktop-height:100px;--tablet-height:50px;--mobile-height:25px\"><\/div>\n\n\n\n<h1 class=\"wp-block-heading\">Datenschutz<\/h1>\n\n\n\n<p class=\"has-text-align-left\">Verantwortlich f\u00fcr die Verarbeitung Ihrer personenbezogenen Daten ist der Inhaber dieser Website. Unsere rechtsm\u00e4\u00dfigen Gesch\u00e4ftsdaten finden Sie im <a href=\"https:\/\/www.achenseelauf.at\/en\/legal-information\/\">Impressum.<\/a><\/p>\n\n\n\n<p class=\"has-text-align-left\">Wir nehmen den Schutz Ihrer pers\u00f6nenbezogenen Daten sehr ernst. Wir verarbeiten Ihre personenbezogenen Daten entsprechend der gesetzlichen Datenschutzvorschriften sowie dieser Datenschutzerkl\u00e4rung.<\/p>\n\n\n\n<p class=\"has-text-align-left\">Die Nutzung unserer Webseite ist in der Regel ohne Angabe personenbezogener Daten m\u00f6glich. Soweit auf unseren Seiten personenbezogene Daten (beispielsweise Name, Anschrift oder E-Mail-Adressen) erhoben werden, erfolgt dies, soweit m\u00f6glich, stets auf freiwilliger Basis.<\/p>\n\n\n\n<h2 class=\"wp-block-heading has-accent-color has-text-color has-link-color wp-elements-bbcb3c8c55af7f1356409c115aae1d6d\">Auftragsverarbeiter, Empf\u00e4nger<\/h2>\n\n\n\n<p class=\"has-text-align-left\">Wir verarbeiten Ihre personenbezogenen Daten mit der Unterst\u00fctzung von Auftragsverarbeitern, welche uns bei der Bereitstellung der Dienste unterst\u00fctzen (z.B. Webhoster, E-Mail-Newsletter-Versanddienst).<\/p>\n\n\n\n<p class=\"has-text-align-left\">Diese Auftragsverarbeiter sind zum strengen Schutz Ihrer personenbezogenen Daten verpflichtet und d\u00fcrfen Ihre personenbezogenen Daten zu keinem anderen Zweck als zur Bereitstellung unserer Dienste verarbeiten.<br>Eine Weitergabe Ihrer personenbezogenen Daten erfolgt nur an wirtschaftstypische Dienstleister wie z.B. Banken (im Fall von \u00dcberweisungen an Sie), Steuerberater (falls Sie in unserer Buchhaltung vorkommen), Versanddienstleister (im Fall der Versendung an Sie), etc.<\/p>\n\n\n\n<h2 class=\"wp-block-heading has-accent-color has-text-color has-link-color wp-elements-81dc75b7b184b7f69b5095c7e4717469\">SSL- bzw. TLS-Verschl\u00fcsselung<\/h2>\n\n\n\n<p class=\"has-text-align-left\">Diese Seite nutzt aus Sicherheitsgr\u00fcnden und zum Schutz der \u00dcbertragung vertraulicher Inhalte, wie zum Beispiel Bestellungen oder Anfragen, die Sie an uns als Seitenbetreiber senden, eine SSL-bzw. TLS-Verschl\u00fcsselung. Eine verschl\u00fcsselte Verbindung erkennen Sie daran, dass die Adresszeile des Browsers von \u201ehttp:\/\/&#8221; auf \u201ehttps:\/\/&#8221; wechselt und an dem Schloss-Symbol in Ihrer Browserzeile.<\/p>\n\n\n\n<p class=\"has-text-align-left\">Wenn die SSL- bzw. TLS-Verschl\u00fcsselung aktiviert ist, k\u00f6nnen die Daten, die Sie an uns \u00fcbermitteln, nicht von Dritten mitgelesen werden.<\/p>\n\n\n\n<h2 class=\"wp-block-heading has-accent-color has-text-color has-link-color wp-elements-89c52b3383f0db2c4889822aa07e8dea\">Kontaktformular<\/h2>\n\n\n\n<p class=\"has-text-align-left\">Nach Absenden des Kontaktformulars erfolgt eine Verarbeitung der von Ihnen eingegebenen personenbezogenen Daten durch den datenschutzrechtlich Verantwortlichen zum Zweck der Bearbeitung Ihrer Anfrage auf Grundlage Ihrer durch das Absenden des Formulars erteilten Einwilligung.<\/p>\n\n\n\n<p class=\"has-text-align-left\">Es besteht keine gesetzliche oder vertragliche Verpflichtung zur Bereitstellung der personenbezogenen Daten. Die Nichtbereitstellung hat lediglich zur Folge, dass Sie Ihr Anliegen nicht \u00fcbermitteln und wir dieses nicht bearbeiten k\u00f6nnen.<\/p>\n\n\n\n<p class=\"has-text-align-left\">Sie haben das Recht, Ihre Einwilligung jederzeit durch schriftliche Mitteilung zu widerrufen, ohne dass die Rechtm\u00e4\u00dfigkeit der aufgrund der Einwilligung bis zum Widerruf erfolgten Verarbeitung ber\u00fchrt wird.<\/p>\n\n\n\n<h2 class=\"wp-block-heading has-accent-color has-text-color has-link-color wp-elements-5b94252fd88b706110d10ade063532dc\">Cookies<\/h2>\n\n\n\n<p class=\"has-text-align-left\">Diese Website verwendet Cookies.<\/p>\n\n\n\n<p class=\"has-text-align-left\">Cookies machen Websites f\u00fcr den Benutzer benutzerfreundlicher und effizienter. Ein Cookie ist eine kleine Textdatei, die zur Speicherung von Informationen dient. Beim Besuch einer Website kann die Website auf dem Computer des Website-Besuchers ein Cookie platzieren. Besucht der Benutzer die Website sp\u00e4ter wieder, kann die Website die Daten des fr\u00fcher gespeicherten Cookies auslesen und so z.B. feststellen, ob der Benutzer die Website schon fr\u00fcher besucht hat und f\u00fcr welche Bereiche der Website sich der Benutzer besonders interessiert hat.<\/p>\n\n\n\n<p class=\"has-text-align-left\">Mehr Informationen zu Cookies erhalten Sie auf <a href=\"https:\/\/de.wikipedia.org\/wiki\/HTTP-Cookie\">WIKIPEDIA.<\/a><\/p>\n\n\n\n<p class=\"has-text-align-left\"><strong>\u00c4ndern der Cookie-Einstellungen<\/strong><\/p>\n\n\n\n<p class=\"has-text-align-left\">Wie der Web-Browser mit Cookies umgeht, welche Cookies zugelassen oder abgelehnt werden, kann der Benutzer in den Einstellungen des Web-Browsers festlegen. Wo genau sich diese Einstellungen befinden, h\u00e4ngt vom jeweiligen Web-Browser ab. Detailinformationen dazu k\u00f6nnen \u00fcber die Hilfe-Funktion des jeweiligen Web-Browsers aufgerufen werden.<\/p>\n\n\n\n<p class=\"has-text-align-left\">Wenn die Nutzung von Cookies eingeschr\u00e4nkt wird, sind unter Umst\u00e4nden nicht mehr alle Funktionen dieser Website vollumf\u00e4nglich nutzbar.<\/p>\n\n\n\n<h2 class=\"wp-block-heading has-accent-color has-text-color has-link-color wp-elements-419f762c5af67fed8ada7a7b823ea759\">Server Log Files<\/h2>\n\n\n\n<p class=\"has-text-align-left\">Diese Website verarbeitet zum Zweck der \u00dcberwachung der technischen Funktion und zur Erh\u00f6hung der Betriebssicherheit des Webservers auf Grundlage des \u00fcberwiegenden berechtigten Interesses des Verantwortlichen (technische Sicherheitsma\u00dfnahmen) folgende personenbezogene Daten in einem Server Log File:<\/p>\n\n\n\n<ul class=\"wp-block-list\">\n<li>die IP-Adresse<\/li>\n\n\n\n<li>der Seite, von der aus die Datei angefordert wurde (sog. Referrer-URL)<\/li>\n\n\n\n<li>dem Namen der Datei<\/li>\n\n\n\n<li>dem Datum und Uhrzeit der Anforderung (sog. \u201etime stamp&#8221;)<\/li>\n\n\n\n<li>der \u00fcbertragenen Datenmenge<\/li>\n\n\n\n<li>dem Zugriffsstatus (Datei \u00fcbertragen, Datei nicht gefunden etc.)<\/li>\n\n\n\n<li>einer Beschreibung des Typs des verwendeten Internetbetrachtungsprogramms (engl. \u201eweb browser&#8221;, abgek\u00fcrzt \u201ebrowser&#8221;; z.B. Mozilla Firefox, Google Chrome, Microsoft Internet Explorer, Microsoft Edge, Apple Safari, Opera etc.)<\/li>\n<\/ul>\n\n\n\n<h2 class=\"wp-block-heading has-accent-color has-text-color has-link-color wp-elements-9f2d8a50c508c0055079ce26a551c74a\">Google Analytics<\/h2>\n\n\n\n<p class=\"has-text-align-left\">Diese Website verwendet Google Analytics 4 (\u201eGA4\u201c) zur Analyse der Nutzung der Website durch Besucher. Der Anbieter von Google Analytics 4 ist Google Ireland Limited, Gordon House, Barrow Street, Dublin 4, Irland. Google Ireland Limited ist f\u00fcr die Verarbeitung der personenbezogenen Daten von Nutzern in Europa verantwortlich. Dies bedeutet, dass Google Ireland Limited die Daten gem\u00e4\u00df den europ\u00e4ischen Datenschutzgesetzen, einschlie\u00dflich der Datenschutz-Grundverordnung (DSGVO), erheben, verwenden und weitergeben muss. Die erhobenen Daten (z.B. IP-Adresse) werden in der Regel an einen Server von Google in den USA \u00fcbertragen und dort gespeichert. Die IP-Adressen werden anonymisiert, so dass keine Identifizierung einzelner Personen m\u00f6glich ist. Die Daten werden vom Websitebetreiber verwendet, um die Nutzung der Website auszuwerten, Berichte \u00fcber die Aktivit\u00e4ten zu erstellen und die Website zu verbessern. Sie k\u00f6nnen die Speicherung von Cookies durch eine entsprechende Einstellung Ihrer Browsersoftware verhindern oder die Erfassung Ihrer Daten durch GA4 durch Installation eines Browser-Add-Ons unter <a href=\"https:\/\/tools.google.com\/dlpage\/gaoptout?hl=de\">https:\/\/tools.google.com\/dlpage\/gaoptout?hl=de<\/a> blockieren. Weiter haben Sie M\u00f6glichkeit, ihre Tracking Pr\u00e4ferenzen \u00fcber <a href=\"https:\/\/www.youronlinechoices.com\/at\/praferenzmanagement\">https:\/\/www.youronlinechoices.com\/at\/praferenzmanagement<\/a> anzupassen.<\/p>\n\n\n\n<h2 class=\"wp-block-heading has-accent-color has-text-color has-link-color wp-elements-b1a7b3d7a9aa7f47f8a92932a4d1db4c\">Ihre Rechte<\/h2>\n\n\n\n<p class=\"has-text-align-left\">Sie haben das Recht auf Auskunft, Berichtigung, L\u00f6schung und Einschr\u00e4nkung der Verarbeitung der personenbezogenen Daten.<\/p>\n\n\n\n<p class=\"has-text-align-left\">Soweit die Rechtsgrundlage der Verarbeitung Ihrer personenbezogenen Daten in Ihrer Einwilligung oder in einem mit Ihnen abgeschlossenen Vertrag besteht, haben Sie zudem das Recht auf Daten\u00fcbertragbarkeit.<\/p>\n\n\n\n<p class=\"has-text-align-left\">Sie haben das Recht auf Widerruf einer eventuell erteilten Einwilligung zur Verarbeitung Ihrer personenbezogenen Daten. Die Rechtm\u00e4\u00dfigkeit der Verarbeitung der personenbezogenen Daten bis zum Widerruf wird durch den Widerruf nicht ber\u00fchrt.<\/p>\n\n\n\n<p class=\"has-text-align-left\">Sie haben das Recht auf Widerspruch gegen die Verarbeitung Ihrer personenbezogenen Daten zum Zweck der Direktwerbung. Im Fall des Widerspruchs werden Ihre personenbezogenen Daten nicht mehr zum Zwecke der Direktwerbung verarbeitet.<\/p>\n\n\n\n<p class=\"has-text-align-left\">Weiters haben Sie das Recht auf Beschwerde bei der Aufsichtsbeh\u00f6rde (\u00d6sterreichische Datenschutzbeh\u00f6rde, Wickenburggasse 8, 1080 Wien, dsb@dsb.gv.at).<\/p>\n","protected":false},"excerpt":{"rendered":"<p>Datenschutz Verantwortlich f\u00fcr die Verarbeitung Ihrer personenbezogenen Daten ist der Inhaber dieser Website. Unsere rechtsm\u00e4\u00dfigen Gesch\u00e4ftsdaten finden Sie im Impressum. Wir nehmen den Schutz Ihrer pers\u00f6nenbezogenen Daten sehr ernst. Wir verarbeiten Ihre personenbezogenen Daten entsprechend der gesetzlichen Datenschutzvorschriften sowie dieser Datenschutzerkl\u00e4rung. Die Nutzung unserer Webseite ist in der Regel ohne Angabe personenbezogener Daten m\u00f6glich. Soweit [&hellip;]<\/p>\n","protected":false},"author":5,"featured_media":0,"parent":0,"menu_order":0,"comment_status":"closed","ping_status":"open","template":"","meta":{"_seopress_robots_primary_cat":"","_seopress_titles_title":"Privacy policy Achensee Run","_seopress_titles_desc":"We take your privacy seriously! Learn how we protect your personal data.","_seopress_robots_index":"","footnotes":""},"class_list":["post-10869","page","type-page","status-publish","hentry"],"_links":{"self":[{"href":"https:\/\/www.achenseelauf.at\/en\/wp-json\/wp\/v2\/pages\/10869","targetHints":{"allow":["GET"]}}],"collection":[{"href":"https:\/\/www.achenseelauf.at\/en\/wp-json\/wp\/v2\/pages"}],"about":[{"href":"https:\/\/www.achenseelauf.at\/en\/wp-json\/wp\/v2\/types\/page"}],"author":[{"embeddable":true,"href":"https:\/\/www.achenseelauf.at\/en\/wp-json\/wp\/v2\/users\/5"}],"replies":[{"embeddable":true,"href":"https:\/\/www.achenseelauf.at\/en\/wp-json\/wp\/v2\/comments?post=10869"}],"version-history":[{"count":12,"href":"https:\/\/www.achenseelauf.at\/en\/wp-json\/wp\/v2\/pages\/10869\/revisions"}],"predecessor-version":[{"id":11772,"href":"https:\/\/www.achenseelauf.at\/en\/wp-json\/wp\/v2\/pages\/10869\/revisions\/11772"}],"wp:attachment":[{"href":"https:\/\/www.achenseelauf.at\/en\/wp-json\/wp\/v2\/media?parent=10869"}],"curies":[{"name":"wp","href":"https:\/\/api.w.org\/{rel}","templated":true}]}}